{"id":1196,"date":"2023-03-06T11:35:03","date_gmt":"2023-03-06T16:35:03","guid":{"rendered":"https:\/\/www.investigonypreguntina.appcotecnova.es\/?page_id=1196"},"modified":"2025-01-28T10:30:26","modified_gmt":"2025-01-28T15:30:26","slug":"proyectos-2022","status":"publish","type":"page","link":"https:\/\/www.investigonypreguntina.appcotecnova.es\/index.php\/proyectos-2022\/","title":{"rendered":"Proyectos 2022"},"content":{"rendered":"<div id='layer_slider_1' class='avia-layerslider main_color avia-shadow  container_wrap fullsize'    style='height: 401px;' ><\/div>\n<div style='padding-bottom:10px; color:#d83934;' class='av-special-heading av-special-heading-h3 custom-color-heading blockquote modern-quote modern-centered   '><h3 class='av-special-heading-tag '  itemprop=\"headline\"  >Instituci\u00f3n Educativa Sor Mar\u00eda Juliana<\/h3><div class='special-heading-border'><div class='special-heading-inner-border' style='border-color:#d83934'><\/div><\/div><\/div>\n<section class=\"av_textblock_section \"  itemscope=\"itemscope\" itemtype=\"https:\/\/schema.org\/CreativeWork\" ><div class='avia_textblock  '   itemprop=\"text\" ><p>La Instituci\u00f3n educativa Sor Mar\u00eda Juliana inicio su participaci\u00f3n este a\u00f1o con 25 estudiantes de la jornada de la ma\u00f1ana de los grados 7, 8, 9, 10 y 11. Los ni\u00f1os, ni\u00f1as y j\u00f3venes que ingresaron al programa de Investig\u00f3n y Preguntina est\u00e1n construyendo sus proyectos de investigaci\u00f3n desde los grupos de trabajo en donde definieron su plan estrat\u00e9gico, la pregunta de investigaci\u00f3n y se encuentran en la fase de desarrollo. A continuaci\u00f3n se presentan los proyectos seleccionados:<\/p>\n<\/div><\/section>\n<div class='av-horizontal-gallery av-horizontal-gallery-large-gap av-horizontal-gallery-enlarge-effect av-horizontal-gallery-1  av-control-default '  itemprop=\"ImageObject\" itemscope=\"itemscope\" itemtype=\"https:\/\/schema.org\/ImageObject\"  style='padding: 2.25% 0px;' data-av-enlarge='1.3'  ><div class='avia-slideshow-arrows avia-slideshow-controls'><a href='#prev' class='prev-slide av-horizontal-gallery-prev' aria-hidden='true' data-av_icon='\ue87c' data-av_iconfont='entypo-fontello'>Anterior<\/a><a href='#next' class='next-slide av-horizontal-gallery-next' aria-hidden='true' data-av_icon='\ue87d' data-av_iconfont='entypo-fontello'>Posterior<\/a><\/div><div class='av-horizontal-gallery-inner' style='padding-bottom:15%' data-av-height='15'><div class='av-horizontal-gallery-slider'><div class='av-horizontal-gallery-wrap noHover'><img class='av-horizontal-gallery-img' width='845' height='684' src='https:\/\/www.investigonypreguntina.appcotecnova.es\/wp-content\/uploads\/2022\/12\/WhatsApp-Image-2022-08-22-at-9.37.16-AM-2-845x684.jpeg' title='WhatsApp Image 2022-08-22 at 9.37.16 AM (2)' alt='' \/><a href='https:\/\/www.investigonypreguntina.appcotecnova.es\/wp-content\/uploads\/2022\/12\/WhatsApp-Image-2022-08-22-at-9.37.16-AM-2-1030x773.jpeg'  class='av-horizontal-gallery-link' aria-hidden='true' data-av_icon='\ue869' data-av_iconfont='entypo-fontello' title='WhatsApp Image 2022-08-22 at 9.37.16 AM (2)'><\/a><\/div><div class='av-horizontal-gallery-wrap noHover'><img class='av-horizontal-gallery-img' width='845' height='684' src='https:\/\/www.investigonypreguntina.appcotecnova.es\/wp-content\/uploads\/2022\/12\/WhatsApp-Image-2022-08-22-at-9.37.04-AM-845x684.jpeg' title='WhatsApp Image 2022-08-22 at 9.37.04 AM' alt='' \/><a href='https:\/\/www.investigonypreguntina.appcotecnova.es\/wp-content\/uploads\/2022\/12\/WhatsApp-Image-2022-08-22-at-9.37.04-AM-1030x773.jpeg'  class='av-horizontal-gallery-link' aria-hidden='true' data-av_icon='\ue869' data-av_iconfont='entypo-fontello' title='WhatsApp Image 2022-08-22 at 9.37.04 AM'><\/a><\/div><div class='av-horizontal-gallery-wrap noHover'><img class='av-horizontal-gallery-img' width='845' height='684' src='https:\/\/www.investigonypreguntina.appcotecnova.es\/wp-content\/uploads\/2022\/12\/WhatsApp-Image-2022-08-22-at-9.37.39-AM-845x684.jpeg' title='WhatsApp Image 2022-08-22 at 9.37.39 AM' alt='' \/><a href='https:\/\/www.investigonypreguntina.appcotecnova.es\/wp-content\/uploads\/2022\/12\/WhatsApp-Image-2022-08-22-at-9.37.39-AM-1030x773.jpeg'  class='av-horizontal-gallery-link' aria-hidden='true' data-av_icon='\ue869' data-av_iconfont='entypo-fontello' title='WhatsApp Image 2022-08-22 at 9.37.39 AM'><\/a><\/div><div class='av-horizontal-gallery-wrap noHover'><img class='av-horizontal-gallery-img' width='845' height='684' src='https:\/\/www.investigonypreguntina.appcotecnova.es\/wp-content\/uploads\/2022\/12\/20220811_160549-845x684.jpg' title='20220811_160549' alt='' \/><a href='https:\/\/www.investigonypreguntina.appcotecnova.es\/wp-content\/uploads\/2022\/12\/20220811_160549-1030x579.jpg'  class='av-horizontal-gallery-link' aria-hidden='true' data-av_icon='\ue869' data-av_iconfont='entypo-fontello' title='20220811_160549'><\/a><\/div><div class='av-horizontal-gallery-wrap noHover'><img class='av-horizontal-gallery-img' width='845' height='684' src='https:\/\/www.investigonypreguntina.appcotecnova.es\/wp-content\/uploads\/2022\/12\/20220804_163147-845x684.jpg' title='20220804_163147' alt='' \/><a href='https:\/\/www.investigonypreguntina.appcotecnova.es\/wp-content\/uploads\/2022\/12\/20220804_163147-1030x579.jpg'  class='av-horizontal-gallery-link' aria-hidden='true' data-av_icon='\ue869' data-av_iconfont='entypo-fontello' title='20220804_163147'><\/a><\/div><div class='av-horizontal-gallery-wrap noHover'><img class='av-horizontal-gallery-img' width='845' height='684' src='https:\/\/www.investigonypreguntina.appcotecnova.es\/wp-content\/uploads\/2022\/12\/20220804_161452-845x684.jpg' title='20220804_161452' alt='' \/><a href='https:\/\/www.investigonypreguntina.appcotecnova.es\/wp-content\/uploads\/2022\/12\/20220804_161452-1030x579.jpg'  class='av-horizontal-gallery-link' aria-hidden='true' data-av_icon='\ue869' data-av_iconfont='entypo-fontello' title='20220804_161452'><\/a><\/div><div class='av-horizontal-gallery-wrap noHover'><img class='av-horizontal-gallery-img' width='845' height='684' src='https:\/\/www.investigonypreguntina.appcotecnova.es\/wp-content\/uploads\/2022\/12\/20221027_113916-845x684.jpg' title='20221027_113916' alt='' \/><a href='https:\/\/www.investigonypreguntina.appcotecnova.es\/wp-content\/uploads\/2022\/12\/20221027_113916-1030x579.jpg'  class='av-horizontal-gallery-link' aria-hidden='true' data-av_icon='\ue869' data-av_iconfont='entypo-fontello' title='20221027_113916'><\/a><\/div><div class='av-horizontal-gallery-wrap noHover'><img class='av-horizontal-gallery-img' width='845' height='684' src='https:\/\/www.investigonypreguntina.appcotecnova.es\/wp-content\/uploads\/2022\/12\/WhatsApp-Image-2022-04-28-at-3.43.59-PM-845x684.jpeg' title='WhatsApp Image 2022-04-28 at 3.43.59 PM' alt='' \/><a href='https:\/\/www.investigonypreguntina.appcotecnova.es\/wp-content\/uploads\/2022\/12\/WhatsApp-Image-2022-04-28-at-3.43.59-PM-1030x580.jpeg'  class='av-horizontal-gallery-link' aria-hidden='true' data-av_icon='\ue869' data-av_iconfont='entypo-fontello' title='WhatsApp Image 2022-04-28 at 3.43.59 PM'><\/a><\/div><div class='av-horizontal-gallery-wrap noHover'><img class='av-horizontal-gallery-img' width='845' height='684' src='https:\/\/www.investigonypreguntina.appcotecnova.es\/wp-content\/uploads\/2022\/12\/20221027_094408-845x684.jpg' title='20221027_094408' alt='' \/><a href='https:\/\/www.investigonypreguntina.appcotecnova.es\/wp-content\/uploads\/2022\/12\/20221027_094408-1030x579.jpg'  class='av-horizontal-gallery-link' aria-hidden='true' data-av_icon='\ue869' data-av_iconfont='entypo-fontello' title='20221027_094408'><\/a><\/div><div class='av-horizontal-gallery-wrap noHover'><img class='av-horizontal-gallery-img' width='845' height='684' src='https:\/\/www.investigonypreguntina.appcotecnova.es\/wp-content\/uploads\/2022\/12\/20221027_094136-845x684.jpg' title='20221027_094136' alt='' \/><a href='https:\/\/www.investigonypreguntina.appcotecnova.es\/wp-content\/uploads\/2022\/12\/20221027_094136-1030x579.jpg'  class='av-horizontal-gallery-link' aria-hidden='true' data-av_icon='\ue869' data-av_iconfont='entypo-fontello' title='20221027_094136'><\/a><\/div><div class='av-horizontal-gallery-wrap noHover'><img class='av-horizontal-gallery-img' width='845' height='684' src='https:\/\/www.investigonypreguntina.appcotecnova.es\/wp-content\/uploads\/2022\/12\/20220901_170934-845x684.jpg' title='20220901_170934' alt='' \/><a href='https:\/\/www.investigonypreguntina.appcotecnova.es\/wp-content\/uploads\/2022\/12\/20220901_170934-1030x579.jpg'  class='av-horizontal-gallery-link' aria-hidden='true' data-av_icon='\ue869' data-av_iconfont='entypo-fontello' title='20220901_170934'><\/a><\/div><div class='av-horizontal-gallery-wrap noHover'><img class='av-horizontal-gallery-img' width='845' height='684' src='https:\/\/www.investigonypreguntina.appcotecnova.es\/wp-content\/uploads\/2022\/12\/20221027_094848-845x684.jpg' title='20221027_094848' alt='' \/><a href='https:\/\/www.investigonypreguntina.appcotecnova.es\/wp-content\/uploads\/2022\/12\/20221027_094848-1030x579.jpg'  class='av-horizontal-gallery-link' aria-hidden='true' data-av_icon='\ue869' data-av_iconfont='entypo-fontello' title='20221027_094848'><\/a><\/div><div class='av-horizontal-gallery-wrap noHover'><img class='av-horizontal-gallery-img' width='845' height='684' src='https:\/\/www.investigonypreguntina.appcotecnova.es\/wp-content\/uploads\/2022\/12\/20221027_093824-845x684.jpg' title='20221027_093824' alt='' \/><a href='https:\/\/www.investigonypreguntina.appcotecnova.es\/wp-content\/uploads\/2022\/12\/20221027_093824-1030x579.jpg'  class='av-horizontal-gallery-link' aria-hidden='true' data-av_icon='\ue869' data-av_iconfont='entypo-fontello' title='20221027_093824'><\/a><\/div><\/div><\/div><\/div>\n<\/div><\/div><\/div><!-- close content main div --><\/div><\/div><div id='av_section_1' class='avia-section main_color avia-section-default avia-no-border-styling avia-bg-style-scroll   av-arrow-down-section av-minimum-height av-minimum-height-25 container_wrap fullsize' style = 'background-repeat: no-repeat; background-image: url(https:\/\/www.investigonypreguntina.appcotecnova.es\/wp-content\/uploads\/2016\/11\/pie.png);background-attachment: scroll; background-position: bottom center; ' data-section-bg-repeat='no-repeat' ><div class='container' ><div class='template-page content  av-content-full alpha units'><div class='post-entry post-entry-type-page post-entry-1196'><div class='entry-content-wrapper clearfix'>\n<div class=\"flex_column av_one_third  flex_column_div av-zero-column-padding first  \" style='border-radius:0px; '><article class=\"iconbox iconbox_top main_color    \"  itemscope=\"itemscope\" itemtype=\"https:\/\/schema.org\/CreativeWork\" ><div class=\"iconbox_content\"><header class=\"entry-content-header\"><div class=\"iconbox_icon heading-color \" aria-hidden='true' data-av_icon='\ue8b5' data-av_iconfont='entypo-fontello'  ><\/div><h3 class='iconbox_content_title '  itemprop=\"headline\"  ><a href='https:\/\/www.investigonypreguntina.appcotecnova.es\/smj\/index.php\/mision-suenos\/' title='Misi\u00f3n Sue\u00f1os'  target=\"_blank\"  >Misi\u00f3n Sue\u00f1os<\/a><\/h3><\/header><div class='iconbox_content_container  '  itemprop=\"text\"  ><p style=\"text-align: center;\"><span style=\"color: #008000;\">\u00bfC\u00f3mo se manifiesta la falta de sue\u00f1o en los estudiantes de noveno grado de la instituci\u00f3n educativa de la IE Sor Mar\u00eda Juliana?<\/span><\/p>\n<\/div><\/div><footer class=\"entry-footer\"><\/footer><\/article><br \/>\n<article class=\"iconbox iconbox_top main_color    \"  itemscope=\"itemscope\" itemtype=\"https:\/\/schema.org\/CreativeWork\" ><div class=\"iconbox_content\"><header class=\"entry-content-header\"><div class=\"iconbox_icon heading-color \" aria-hidden='true' data-av_icon='\ue803' data-av_iconfont='entypo-fontello'  style='background-color:#4ecac2; ' ><\/div><h3 class='iconbox_content_title '  itemprop=\"headline\"   style='color:#d65799; '><a href='https:\/\/www.investigonypreguntina.appcotecnova.es\/smj\/index.php\/la-existencia-de-las-mariposas\/' title='La existencia de las Mariposas'  target=\"_blank\"  >La existencia de las Mariposas<\/a><\/h3><\/header><div class='iconbox_content_container  '  itemprop=\"text\"  ><p style=\"text-align: center;\"><span style=\"color: #008000;\">\u00bfCu\u00e1les son los factores que influyen en la desaparici\u00f3n de las mariposas en el municipio de Cartago?<\/span><\/p>\n<\/div><\/div><footer class=\"entry-footer\"><\/footer><\/article><\/p><\/div><div class=\"flex_column av_one_third  flex_column_div av-zero-column-padding   \" style='border-radius:0px; '><article class=\"iconbox iconbox_top main_color    \"  itemscope=\"itemscope\" itemtype=\"https:\/\/schema.org\/CreativeWork\" ><div class=\"iconbox_content\"><header class=\"entry-content-header\"><div class=\"iconbox_icon heading-color \" aria-hidden='true' data-av_icon='\ue8b8' data-av_iconfont='entypo-fontello'  ><\/div><h3 class='iconbox_content_title '  itemprop=\"headline\"  ><a href='https:\/\/www.investigonypreguntina.appcotecnova.es\/smj\/index.php\/se-que-hay-un-hada-en-la-corteza\/' title='Hada en la corteza de  los \u00e1rboles'  target=\"_blank\"  >Hada en la corteza de  los \u00e1rboles<\/a><\/h3><\/header><div class='iconbox_content_container  '  itemprop=\"text\"  ><p style=\"text-align: center;\"><span style=\"color: #008000;\">\u00bfQu\u00e9 podemos encontrar en la corteza de los \u00e1rboles de Cartago?<\/span><\/p>\n<\/div><\/div><footer class=\"entry-footer\"><\/footer><\/article><br \/>\n<article class=\"iconbox iconbox_top main_color    \"  itemscope=\"itemscope\" itemtype=\"https:\/\/schema.org\/CreativeWork\" ><div class=\"iconbox_content\"><header class=\"entry-content-header\"><div class=\"iconbox_icon heading-color \" aria-hidden='true' data-av_icon='\ue8b2' data-av_iconfont='entypo-fontello'  style='background-color:#4ecac2; ' ><\/div><h3 class='iconbox_content_title '  itemprop=\"headline\"   style='color:#d65799; '><a href='https:\/\/www.investigonypreguntina.appcotecnova.es\/smj\/index.php\/dumbell\/' title='Dumbell'  target=\"_blank\"  >Dumbell<\/a><\/h3><\/header><div class='iconbox_content_container  '  itemprop=\"text\"  ><p style=\"text-align: center;\"><span style=\"color: #008000;\">\u00bfQu\u00e9 estrategia educativa se puede utilizar para conocer de una manera did\u00e1ctica el papel que cumplen las nebulosas en el universo?<\/span><\/p>\n<\/div><\/div><footer class=\"entry-footer\"><\/footer><\/article><\/p><\/div><div class=\"flex_column av_one_third  flex_column_div av-zero-column-padding   \" style='border-radius:0px; '><article class=\"iconbox iconbox_top main_color    \"  itemscope=\"itemscope\" itemtype=\"https:\/\/schema.org\/CreativeWork\" ><div class=\"iconbox_content\"><header class=\"entry-content-header\"><div class=\"iconbox_icon heading-color \" aria-hidden='true' data-av_icon='\ue826' data-av_iconfont='entypo-fontello'  ><\/div><h3 class='iconbox_content_title '  itemprop=\"headline\"  ><a href='https:\/\/www.investigonypreguntina.appcotecnova.es\/smj\/index.php\/cherry-blassom\/' title='Cherry Blasson'  target=\"_blank\"  >Cherry Blasson<\/a><\/h3><\/header><div class='iconbox_content_container  '  itemprop=\"text\"  ><p style=\"text-align: center;\"><span style=\"color: #008000;\">\u00bfC\u00f3mo se manifiestan los trastornos de\u00a0ansiedad y depresi\u00f3n en los adolescentes?<\/span><\/p>\n<\/div><\/div><footer class=\"entry-footer\"><\/footer><\/article><br \/>\n<article class=\"iconbox iconbox_top main_color    \"  itemscope=\"itemscope\" itemtype=\"https:\/\/schema.org\/CreativeWork\" ><div class=\"iconbox_content\"><header class=\"entry-content-header\"><div class=\"iconbox_icon heading-color \" aria-hidden='true' data-av_icon='\ue866' data-av_iconfont='entypo-fontello'  style='background-color:#4ecac2; ' ><\/div><h3 class='iconbox_content_title '  itemprop=\"headline\"   style='color:#d65799; '><a href='https:\/\/www.investigonypreguntina.appcotecnova.es\/smj\/index.php\/galaxia-estelar\/' title='Galaxia estelar'  target=\"_blank\"  >Galaxia estelar<\/a><\/h3><\/header><div class='iconbox_content_container  '  itemprop=\"text\"  ><p style=\"text-align: center;\"><span style=\"color: #008000;\">\u00bfC\u00f3mo reconocer\u00a0 las caracter\u00edsticas de las galaxias con instrumentos b\u00e1sicos desde un contexto habitual?<\/span><\/p>\n<\/div><\/div><footer class=\"entry-footer\"><\/footer><\/article><\/p><\/div>\n","protected":false},"excerpt":{"rendered":"","protected":false},"author":1,"featured_media":1167,"parent":0,"menu_order":0,"comment_status":"closed","ping_status":"closed","template":"","meta":[],"acf":[],"_links":{"self":[{"href":"https:\/\/www.investigonypreguntina.appcotecnova.es\/index.php\/wp-json\/wp\/v2\/pages\/1196"}],"collection":[{"href":"https:\/\/www.investigonypreguntina.appcotecnova.es\/index.php\/wp-json\/wp\/v2\/pages"}],"about":[{"href":"https:\/\/www.investigonypreguntina.appcotecnova.es\/index.php\/wp-json\/wp\/v2\/types\/page"}],"author":[{"embeddable":true,"href":"https:\/\/www.investigonypreguntina.appcotecnova.es\/index.php\/wp-json\/wp\/v2\/users\/1"}],"replies":[{"embeddable":true,"href":"https:\/\/www.investigonypreguntina.appcotecnova.es\/index.php\/wp-json\/wp\/v2\/comments?post=1196"}],"version-history":[{"count":36,"href":"https:\/\/www.investigonypreguntina.appcotecnova.es\/index.php\/wp-json\/wp\/v2\/pages\/1196\/revisions"}],"predecessor-version":[{"id":1457,"href":"https:\/\/www.investigonypreguntina.appcotecnova.es\/index.php\/wp-json\/wp\/v2\/pages\/1196\/revisions\/1457"}],"wp:featuredmedia":[{"embeddable":true,"href":"https:\/\/www.investigonypreguntina.appcotecnova.es\/index.php\/wp-json\/wp\/v2\/media\/1167"}],"wp:attachment":[{"href":"https:\/\/www.investigonypreguntina.appcotecnova.es\/index.php\/wp-json\/wp\/v2\/media?parent=1196"}],"curies":[{"name":"wp","href":"https:\/\/api.w.org\/{rel}","templated":true}]}}